{"id":29,"date":"2020-11-06T06:46:25","date_gmt":"2020-11-06T06:46:25","guid":{"rendered":"https:\/\/demo.casethemes.net\/intime\/?page_id=29"},"modified":"2024-11-18T11:03:13","modified_gmt":"2024-11-18T11:03:13","slug":"blog","status":"publish","type":"page","link":"https:\/\/trendvisa.tecnobis.com\/tr\/blog\/","title":{"rendered":"Blog"},"content":{"rendered":"<div data-elementor-type=\"wp-page\" data-elementor-id=\"29\" class=\"elementor elementor-29\">\n\t\t\t\t        <section class=\"elementor-section elementor-top-section elementor-element elementor-element-3081c6a elementor-section-stretched elementor-section-boxed elementor-section-height-default elementor-section-height-default\" data-id=\"3081c6a\" data-element_type=\"section\" data-settings=\"{&quot;stretch_section&quot;:&quot;section-stretched&quot;,&quot;background_background&quot;:&quot;classic&quot;}\">\n            \n                        <div class=\"elementor-container elementor-column-gap-default\">\n                    <div class=\"elementor-column elementor-col-100 elementor-top-column elementor-element elementor-element-9d27238\" data-id=\"9d27238\" data-element_type=\"column\">\n        <div class=\"elementor-widget-wrap elementor-element-populated\">\n                    \n                <section class=\"elementor-section elementor-inner-section elementor-element elementor-element-c6c64c6 elementor-section-content-middle elementor-section-boxed elementor-section-height-default elementor-section-height-default\" data-id=\"c6c64c6\" data-element_type=\"section\">\n            \n                        <div class=\"elementor-container elementor-column-gap-extended\">\n                    <div class=\"elementor-column elementor-col-50 elementor-inner-column elementor-element elementor-element-a5b7180\" data-id=\"a5b7180\" data-element_type=\"column\">\n        <div class=\"elementor-widget-wrap elementor-element-populated\">\n                    \n        \t\t<div class=\"elementor-element elementor-element-81d7d86 elementor-widget elementor-widget-ct_heading\" data-id=\"81d7d86\" data-element_type=\"widget\" data-widget_type=\"ct_heading.default\">\n\t\t\t\t<div class=\"elementor-widget-container\">\n\t\t\t<div class=\"ct-heading h-align- item-st-default\">\r\n\t\t\t<div class=\"item--sub-title style-default\">\r\n            <span>\r\n                \u00d6ne \u00c7\u0131kan Bloglar             <\/span>\r\n        <\/div>\r\n\t    <h3 class=\"item--title case-animate-time st-default\" data-wow-delay=\"ms\">\r\n        <span>Daha Fazlas\u0131n\u0131 \u00d6\u011frenmek i\u00e7in Blog Yaz\u0131lar\u0131m\u0131z\u0131 Okuyun<\/span>    <\/h3>\r\n<\/div>\r\n\r\n\t\t<\/div>\n\t\t\t\t<\/div>\n\t\t            <\/div>\n        <\/div>\n                <div class=\"elementor-column elementor-col-50 elementor-inner-column elementor-element elementor-element-35b04c3\" data-id=\"35b04c3\" data-element_type=\"column\">\n        <div class=\"elementor-widget-wrap elementor-element-populated\">\n                    \n        \t\t<div class=\"elementor-element elementor-element-daf873a elementor-widget elementor-widget-ct_text_editor\" data-id=\"daf873a\" data-element_type=\"widget\" data-widget_type=\"ct_text_editor.default\">\n\t\t\t\t<div class=\"elementor-widget-container\">\n\t\t\t<div id=\"ct_text_editor-daf873a\" class=\"ct-text-editor\" data-wow-delay=\"ms\">\n\t<div class=\"ct-inline-css\"  data-css=\"        \t\t\">\n\n    <\/div>\n\t<div class=\"ct-text-editor elementor-clearfix\">\n\t\t<p>Yurtd\u0131\u015f\u0131na \u00e7\u0131kmak isteyenler i\u00e7in g\u00fcvenilir rehberiniz! Blogumuzda vize s\u00fcrecine dair en g\u00fcncel bilgilere ve uzman tavsiyelerine ula\u015fabilirsiniz.<\/p>\t\t\n\t<\/div>\n<\/div>\t\t<\/div>\n\t\t\t\t<\/div>\n\t\t            <\/div>\n        <\/div>\n                    <\/div>\n        <\/section>\n        \t\t<div class=\"elementor-element elementor-element-b5836f6 elementor-widget elementor-widget-ct_blog_grid\" data-id=\"b5836f6\" data-element_type=\"widget\" data-widget_type=\"ct_blog_grid.default\">\n\t\t\t\t<div class=\"elementor-widget-container\">\n\t\t\t\r\n<div id=\"ct_blog_grid-b5836f6\" class=\"ct-grid ct-blog-grid ct-blog-grid-layout1\" data-layout=\"masonry\" data-start-page=\"1\" data-max-pages=\"1\" data-total=\"5\" data-perpage=\"6\" data-next-link=\"\">\r\n    <div class=\"ct-grid-overlay\"><\/div>\r\n    \r\n    <div class=\"ct-grid-inner ct-grid-masonry row animate-time\" data-gutter=\"15\">\r\n                    <div class=\"grid-sizer col-xl-4 col-lg-4 col-md-6 col-sm-6 col-12\"><\/div>\r\n                                <div class=\"grid-item col-xl-4 col-lg-4 col-md-6 col-sm-6 col-12 consulting\">\r\n                    <div class=\"grid-item-inner\" data-wow-duration=\"1.2s\">\r\n                                                    <div class=\"item--featured image-effect-white\">\r\n                                <a href=\"https:\/\/trendvisa.tecnobis.com\/tr\/step-by-step-guide-to-applying-for-a-uk-visa\/\"><img fetchpriority=\"high\" decoding=\"async\" class=\"no-lazyload\" src=\"https:\/\/trendvisa.tecnobis.com\/wp-content\/uploads\/2020\/11\/intime-03-370x300.jpg\" width=\"370\" height=\"300\" alt=\"intime-03\" title=\"intime-03\" \/><\/a>\r\n                                                                    <div class=\"item--date ct-date-box\">\r\n                                        <div class=\"item--date-inner\">\r\n                                            <span>18<\/span>\r\n                                            <span>Kas, 24<\/span>\r\n                                        <\/div>\r\n                                    <\/div>\r\n                                                            <\/div>\r\n                                                <div class=\"item--body\">\r\n                                                            <ul class=\"item--meta ct-item-meta\">\r\n                                                                            <li class=\"item-author\">\r\n                                            <a href=\"https:\/\/trendvisa.tecnobis.com\/tr\/author\/admin\/\">admin<\/a>\r\n                                        <\/li>\r\n                                                                                                                <li class=\"item--category\">\r\n                                            <a href=\"https:\/\/trendvisa.tecnobis.com\/tr\/category\/consulting\/\" rel=\"tag\">Dan\u0131\u015fmanl\u0131k<\/a>                                        <\/li>\r\n                                                                    <\/ul>\r\n                                                        <h3 class=\"item--title\"><a href=\"https:\/\/trendvisa.tecnobis.com\/tr\/step-by-step-guide-to-applying-for-a-uk-visa\/\">\u0130ngiltere Vizesi i\u00e7in Ad\u0131m Ad\u0131m Ba\u015fvuru Rehberi<\/a><\/h3>\r\n                                                            <div class=\"item--content\">\r\n                                    \u0130ngiltere'ye seyahat etmek isteyenler i\u00e7in vize ba\u015fvuru s\u00fcreci karma\u015f\u0131k g\u00f6r\u00fcnebilir, ancak ba\u015fvurunuzu \u015fu \u015fekilde ba\u015far\u0131yla tamamlayabilirsiniz\u2026                                <\/div>\r\n                                                                                        <div class=\"item--readmore\">\r\n                                    <a class=\"btn-line-text\" href=\"https:\/\/trendvisa.tecnobis.com\/tr\/step-by-step-guide-to-applying-for-a-uk-visa\/\">\r\n                                        <span>Read more<\/span>\r\n                                        <i>+<\/i>\r\n                                    <\/a>\r\n                                <\/div>\r\n                                                    <\/div>\r\n                    <\/div>\r\n                <\/div>\r\n                            <div class=\"grid-item col-xl-4 col-lg-4 col-md-6 col-sm-6 col-12 consulting\">\r\n                    <div class=\"grid-item-inner\" data-wow-duration=\"1.2s\">\r\n                                                    <div class=\"item--featured image-effect-white\">\r\n                                <a href=\"https:\/\/trendvisa.tecnobis.com\/tr\/tips-for-getting-a-business-travel-visa\/\"><img decoding=\"async\" class=\"no-lazyload\" src=\"https:\/\/trendvisa.tecnobis.com\/wp-content\/uploads\/2024\/11\/qqwqwrwe-min-370x300.jpg\" width=\"370\" height=\"300\" alt=\"qqwqwrwe-min\" title=\"qqwqwrwe-min\" \/><\/a>\r\n                                                                    <div class=\"item--date ct-date-box\">\r\n                                        <div class=\"item--date-inner\">\r\n                                            <span>18<\/span>\r\n                                            <span>Kas, 24<\/span>\r\n                                        <\/div>\r\n                                    <\/div>\r\n                                                            <\/div>\r\n                                                <div class=\"item--body\">\r\n                                                            <ul class=\"item--meta ct-item-meta\">\r\n                                                                            <li class=\"item-author\">\r\n                                            <a href=\"https:\/\/trendvisa.tecnobis.com\/tr\/author\/admin\/\">admin<\/a>\r\n                                        <\/li>\r\n                                                                                                                <li class=\"item--category\">\r\n                                            <a href=\"https:\/\/trendvisa.tecnobis.com\/tr\/category\/consulting\/\" rel=\"tag\">Dan\u0131\u015fmanl\u0131k<\/a>                                        <\/li>\r\n                                                                    <\/ul>\r\n                                                        <h3 class=\"item--title\"><a href=\"https:\/\/trendvisa.tecnobis.com\/tr\/tips-for-getting-a-business-travel-visa\/\">\u0130\u015f Seyahati \u0130\u00e7in Vize Alman\u0131n \u0130pu\u00e7lar\u0131<\/a><\/h3>\r\n                                                            <div class=\"item--content\">\r\n                                    Uluslararas\u0131 i\u015f seyahati, k\u00fcresel ba\u011flant\u0131lar kurma, yeni f\u0131rsatlar bulma ve mevcut i\u015f ili\u015fkilerini g\u00fc\u00e7lendirmede \u00f6nemli bir ad\u0131md\u0131r. Ancak, bir i\u015f seyahatine ba\u015fvurmak\u2026                                <\/div>\r\n                                                                                        <div class=\"item--readmore\">\r\n                                    <a class=\"btn-line-text\" href=\"https:\/\/trendvisa.tecnobis.com\/tr\/tips-for-getting-a-business-travel-visa\/\">\r\n                                        <span>Read more<\/span>\r\n                                        <i>+<\/i>\r\n                                    <\/a>\r\n                                <\/div>\r\n                                                    <\/div>\r\n                    <\/div>\r\n                <\/div>\r\n                            <div class=\"grid-item col-xl-4 col-lg-4 col-md-6 col-sm-6 col-12 consulting\">\r\n                    <div class=\"grid-item-inner\" data-wow-duration=\"1.2s\">\r\n                                                    <div class=\"item--featured image-effect-white\">\r\n                                <a href=\"https:\/\/trendvisa.tecnobis.com\/tr\/uk-visa-application-guide-for-students\/\"><img decoding=\"async\" class=\"no-lazyload\" src=\"https:\/\/trendvisa.tecnobis.com\/wp-content\/uploads\/2024\/11\/ogrencilerevize-min-370x300.jpg\" width=\"370\" height=\"300\" alt=\"ogrencilerevize-min\" title=\"ogrencilerevize-min\" \/><\/a>\r\n                                                                    <div class=\"item--date ct-date-box\">\r\n                                        <div class=\"item--date-inner\">\r\n                                            <span>18<\/span>\r\n                                            <span>Kas, 24<\/span>\r\n                                        <\/div>\r\n                                    <\/div>\r\n                                                            <\/div>\r\n                                                <div class=\"item--body\">\r\n                                                            <ul class=\"item--meta ct-item-meta\">\r\n                                                                            <li class=\"item-author\">\r\n                                            <a href=\"https:\/\/trendvisa.tecnobis.com\/tr\/author\/admin\/\">admin<\/a>\r\n                                        <\/li>\r\n                                                                                                                <li class=\"item--category\">\r\n                                            <a href=\"https:\/\/trendvisa.tecnobis.com\/tr\/category\/consulting\/\" rel=\"tag\">Dan\u0131\u015fmanl\u0131k<\/a>                                        <\/li>\r\n                                                                    <\/ul>\r\n                                                        <h3 class=\"item--title\"><a href=\"https:\/\/trendvisa.tecnobis.com\/tr\/uk-visa-application-guide-for-students\/\">\u00d6\u011frenciler i\u00e7in \u0130ngiltere Vizesi Ba\u015fvuru Rehberi<\/a><\/h3>\r\n                                                            <div class=\"item--content\">\r\n                                    \u0130ngiltere, kaliteli e\u011fitim kurumlar\u0131 ve uluslararas\u0131 \u00f6\u011frencilere sundu\u011fu f\u0131rsatlarla d\u00fcnya \u00e7ap\u0131nda cazip bir e\u011fitim destinasyonu olarak \u00f6ne \u00e7\u0131k\u0131yor.                                <\/div>\r\n                                                                                        <div class=\"item--readmore\">\r\n                                    <a class=\"btn-line-text\" href=\"https:\/\/trendvisa.tecnobis.com\/tr\/uk-visa-application-guide-for-students\/\">\r\n                                        <span>Read more<\/span>\r\n                                        <i>+<\/i>\r\n                                    <\/a>\r\n                                <\/div>\r\n                                                    <\/div>\r\n                    <\/div>\r\n                <\/div>\r\n                            <div class=\"grid-item col-xl-4 col-lg-4 col-md-6 col-sm-6 col-12 consulting\">\r\n                    <div class=\"grid-item-inner\" data-wow-duration=\"1.2s\">\r\n                                                    <div class=\"item--featured image-effect-white\">\r\n                                <a href=\"https:\/\/trendvisa.tecnobis.com\/tr\/uk-visa-types-and-application-requirements\/\"><img loading=\"lazy\" decoding=\"async\" class=\"no-lazyload\" src=\"https:\/\/trendvisa.tecnobis.com\/wp-content\/uploads\/2024\/11\/ingiltere-min-370x300.jpg\" width=\"370\" height=\"300\" alt=\"ingiltere-min\" title=\"ingiltere-min\" \/><\/a>\r\n                                                                    <div class=\"item--date ct-date-box\">\r\n                                        <div class=\"item--date-inner\">\r\n                                            <span>18<\/span>\r\n                                            <span>Kas, 24<\/span>\r\n                                        <\/div>\r\n                                    <\/div>\r\n                                                            <\/div>\r\n                                                <div class=\"item--body\">\r\n                                                            <ul class=\"item--meta ct-item-meta\">\r\n                                                                            <li class=\"item-author\">\r\n                                            <a href=\"https:\/\/trendvisa.tecnobis.com\/tr\/author\/admin\/\">admin<\/a>\r\n                                        <\/li>\r\n                                                                                                                <li class=\"item--category\">\r\n                                            <a href=\"https:\/\/trendvisa.tecnobis.com\/tr\/category\/consulting\/\" rel=\"tag\">Dan\u0131\u015fmanl\u0131k<\/a>                                        <\/li>\r\n                                                                    <\/ul>\r\n                                                        <h3 class=\"item--title\"><a href=\"https:\/\/trendvisa.tecnobis.com\/tr\/uk-visa-types-and-application-requirements\/\">\u0130ngiltere Vize T\u00fcrleri ve Ba\u015fvuru \u015eartlar\u0131<\/a><\/h3>\r\n                                                            <div class=\"item--content\">\r\n                                    \u0130ngiltere vize s\u00fcre\u00e7lerinde kapsaml\u0131 ve titiz bir sisteme sahiptir. \u0130ngiltere'ye seyahat etmek isteyenler vize t\u00fcr\u00fcn\u00fc se\u00e7melidir\u2026                                <\/div>\r\n                                                                                        <div class=\"item--readmore\">\r\n                                    <a class=\"btn-line-text\" href=\"https:\/\/trendvisa.tecnobis.com\/tr\/uk-visa-types-and-application-requirements\/\">\r\n                                        <span>Read more<\/span>\r\n                                        <i>+<\/i>\r\n                                    <\/a>\r\n                                <\/div>\r\n                                                    <\/div>\r\n                    <\/div>\r\n                <\/div>\r\n                            <div class=\"grid-item col-xl-4 col-lg-4 col-md-6 col-sm-6 col-12 consulting\">\r\n                    <div class=\"grid-item-inner\" data-wow-duration=\"1.2s\">\r\n                                                    <div class=\"item--featured image-effect-white\">\r\n                                <a href=\"https:\/\/trendvisa.tecnobis.com\/tr\/types-of-visa-required-to-work-in-europe\/\"><img loading=\"lazy\" decoding=\"async\" class=\"no-lazyload\" src=\"https:\/\/trendvisa.tecnobis.com\/wp-content\/uploads\/2024\/11\/calisma-min-370x300.jpg\" width=\"370\" height=\"300\" alt=\"c\u0327al\u0131s\u0327ma-min\" title=\"c\u0327al\u0131s\u0327ma-min\" \/><\/a>\r\n                                                                    <div class=\"item--date ct-date-box\">\r\n                                        <div class=\"item--date-inner\">\r\n                                            <span>18<\/span>\r\n                                            <span>Kas, 24<\/span>\r\n                                        <\/div>\r\n                                    <\/div>\r\n                                                            <\/div>\r\n                                                <div class=\"item--body\">\r\n                                                            <ul class=\"item--meta ct-item-meta\">\r\n                                                                            <li class=\"item-author\">\r\n                                            <a href=\"https:\/\/trendvisa.tecnobis.com\/tr\/author\/admin\/\">admin<\/a>\r\n                                        <\/li>\r\n                                                                                                                <li class=\"item--category\">\r\n                                            <a href=\"https:\/\/trendvisa.tecnobis.com\/tr\/category\/consulting\/\" rel=\"tag\">Dan\u0131\u015fmanl\u0131k<\/a>                                        <\/li>\r\n                                                                    <\/ul>\r\n                                                        <h3 class=\"item--title\"><a href=\"https:\/\/trendvisa.tecnobis.com\/tr\/types-of-visa-required-to-work-in-europe\/\">Avrupa\u2019da \u00c7al\u0131\u015fmak \u0130\u00e7in Gereken Vize T\u00fcrleri<\/a><\/h3>\r\n                                                            <div class=\"item--content\">\r\n                                    Avrupa'da \u00e7al\u0131\u015fmak isteyenler i\u00e7in do\u011fru vize t\u00fcr\u00fcn\u00fc se\u00e7mek ba\u015fvuru s\u00fcrecindeki en \u00f6nemli ad\u0131mlardan biridir.                                <\/div>\r\n                                                                                        <div class=\"item--readmore\">\r\n                                    <a class=\"btn-line-text\" href=\"https:\/\/trendvisa.tecnobis.com\/tr\/types-of-visa-required-to-work-in-europe\/\">\r\n                                        <span>Read more<\/span>\r\n                                        <i>+<\/i>\r\n                                    <\/a>\r\n                                <\/div>\r\n                                                    <\/div>\r\n                    <\/div>\r\n                <\/div>\r\n                <\/div>\r\n            <div class=\"ct-grid-pagination\" data-loadmore=\"{&quot;startPage&quot;:1,&quot;maxPages&quot;:1,&quot;total&quot;:5,&quot;perpage&quot;:&quot;6&quot;,&quot;nextLink&quot;:&quot;&quot;,&quot;source&quot;:&quot;&quot;,&quot;orderby&quot;:&quot;date&quot;,&quot;order&quot;:&quot;desc&quot;,&quot;limit&quot;:&quot;6&quot;,&quot;post_ids&quot;:&quot;&quot;,&quot;col_xl&quot;:4,&quot;col_lg&quot;:4,&quot;col_md&quot;:6,&quot;col_sm&quot;:6,&quot;col_xs&quot;:12,&quot;thumbnail_size&quot;:&quot;custom&quot;,&quot;thumbnail_custom_dimension&quot;:{&quot;width&quot;:&quot;&quot;,&quot;height&quot;:&quot;&quot;},&quot;pagination_type&quot;:&quot;pagination&quot;,&quot;show_category&quot;:&quot;true&quot;,&quot;show_author&quot;:&quot;true&quot;,&quot;show_date&quot;:&quot;true&quot;,&quot;show_button&quot;:&quot;true&quot;,&quot;button_text&quot;:&quot;&quot;,&quot;show_excerpt&quot;:&quot;true&quot;,&quot;num_words&quot;:24,&quot;ct_animate&quot;:&quot;&quot;,&quot;template_type&quot;:&quot;post_grid_layout1&quot;,&quot;tax&quot;:[&quot;category&quot;]}\" data-query=\"{&quot;post_type&quot;:&quot;post&quot;,&quot;post_status&quot;:&quot;publish&quot;,&quot;posts_per_page&quot;:6,&quot;order&quot;:&quot;desc&quot;,&quot;orderby&quot;:&quot;date&quot;,&quot;tax_query&quot;:{&quot;relation&quot;:&quot;OR&quot;},&quot;post__not_in&quot;:[29]}\">\r\n                    <\/div>\r\n        <\/div>\t\t<\/div>\n\t\t\t\t<\/div>\n\t\t            <\/div>\n        <\/div>\n                    <\/div>\n        <\/section>\n        \t\t<\/div>","protected":false},"excerpt":{"rendered":"<p>Fetaured Blog Read Our Blog Posts to Learn More Your reliable guide for those who want to go abroad! You can find the most up-to-date information and expert advice on the visa process on our blog. 18 Nov, 24 admin Consulting Step-by-Step Guide to Applying for a UK Visa The visa application process may seem [&hellip;]<\/p>","protected":false},"author":1,"featured_media":0,"parent":0,"menu_order":0,"comment_status":"closed","ping_status":"closed","template":"","meta":{"footnotes":""},"class_list":["post-29","page","type-page","status-publish","hentry"],"_links":{"self":[{"href":"https:\/\/trendvisa.tecnobis.com\/tr\/wp-json\/wp\/v2\/pages\/29"}],"collection":[{"href":"https:\/\/trendvisa.tecnobis.com\/tr\/wp-json\/wp\/v2\/pages"}],"about":[{"href":"https:\/\/trendvisa.tecnobis.com\/tr\/wp-json\/wp\/v2\/types\/page"}],"author":[{"embeddable":true,"href":"https:\/\/trendvisa.tecnobis.com\/tr\/wp-json\/wp\/v2\/users\/1"}],"replies":[{"embeddable":true,"href":"https:\/\/trendvisa.tecnobis.com\/tr\/wp-json\/wp\/v2\/comments?post=29"}],"version-history":[{"count":7,"href":"https:\/\/trendvisa.tecnobis.com\/tr\/wp-json\/wp\/v2\/pages\/29\/revisions"}],"predecessor-version":[{"id":7122,"href":"https:\/\/trendvisa.tecnobis.com\/tr\/wp-json\/wp\/v2\/pages\/29\/revisions\/7122"}],"wp:attachment":[{"href":"https:\/\/trendvisa.tecnobis.com\/tr\/wp-json\/wp\/v2\/media?parent=29"}],"curies":[{"name":"wp","href":"https:\/\/api.w.org\/{rel}","templated":true}]}}