{"id":25,"date":"2020-11-06T06:46:00","date_gmt":"2020-11-06T06:46:00","guid":{"rendered":"https:\/\/demo.casethemes.net\/intime\/?page_id=25"},"modified":"2024-11-18T11:25:01","modified_gmt":"2024-11-18T11:25:01","slug":"contact-us","status":"publish","type":"page","link":"https:\/\/trendvisa.tecnobis.com\/tr\/contact-us\/","title":{"rendered":"\u0130leti\u015fime Ge\u00e7"},"content":{"rendered":"<div data-elementor-type=\"wp-page\" data-elementor-id=\"25\" class=\"elementor elementor-25\">\n\t\t\t\t        <section class=\"elementor-section elementor-top-section elementor-element elementor-element-7a9fd1bf elementor-section-stretched elementor-section-boxed elementor-section-height-default elementor-section-height-default\" data-id=\"7a9fd1bf\" data-element_type=\"section\" data-settings=\"{&quot;stretch_section&quot;:&quot;section-stretched&quot;,&quot;background_background&quot;:&quot;classic&quot;}\">\n            \n                        <div class=\"elementor-container elementor-column-gap-extended\">\n                    <div class=\"elementor-column elementor-col-100 elementor-top-column elementor-element elementor-element-26f38106\" data-id=\"26f38106\" data-element_type=\"column\">\n        <div class=\"elementor-widget-wrap elementor-element-populated\">\n                    \n                <section class=\"elementor-section elementor-inner-section elementor-element elementor-element-56464b89 elementor-section-content-middle elementor-section-boxed elementor-section-height-default elementor-section-height-default\" data-id=\"56464b89\" data-element_type=\"section\">\n            \n                        <div class=\"elementor-container elementor-column-gap-extended\">\n                    <div class=\"elementor-column elementor-col-50 elementor-inner-column elementor-element elementor-element-673df171\" data-id=\"673df171\" data-element_type=\"column\">\n        <div class=\"elementor-widget-wrap elementor-element-populated\">\n                    \n        \t\t<div class=\"elementor-element elementor-element-3cd2e102 elementor-widget elementor-widget-ct_heading\" data-id=\"3cd2e102\" data-element_type=\"widget\" data-widget_type=\"ct_heading.default\">\n\t\t\t\t<div class=\"elementor-widget-container\">\n\t\t\t<div class=\"ct-heading h-align- item-st-default\">\r\n\t\t\t<div class=\"item--sub-title style-default\">\r\n            <span>\r\n                Birle\u015fik Krall\u0131k Merkez Ofisiniz Bir Mesaj Uza\u011f\u0131n\u0131zda            <\/span>\r\n        <\/div>\r\n\t    <h3 class=\"item--title case-animate-time st-default\" data-wow-delay=\"ms\">\r\n        <span>Ba\u011flant\u0131l\u0131 \u00c7\u00f6z\u00fcmler, K\u00fcresel Eri\u015fim\n\n<\/span>    <\/h3>\r\n<\/div>\r\n\r\n\t\t<\/div>\n\t\t\t\t<\/div>\n\t\t            <\/div>\n        <\/div>\n                <div class=\"elementor-column elementor-col-50 elementor-inner-column elementor-element elementor-element-33fd33c9\" data-id=\"33fd33c9\" data-element_type=\"column\">\n        <div class=\"elementor-widget-wrap elementor-element-populated\">\n                    \n        \t\t<div class=\"elementor-element elementor-element-6fc40edf elementor-widget elementor-widget-ct_text_editor\" data-id=\"6fc40edf\" data-element_type=\"widget\" data-widget_type=\"ct_text_editor.default\">\n\t\t\t\t<div class=\"elementor-widget-container\">\n\t\t\t<div id=\"ct_text_editor-6fc40edf\" class=\"ct-text-editor\" data-wow-delay=\"ms\">\n\t<div class=\"ct-inline-css\"  data-css=\"        \t\t\">\n\n    <\/div>\n\t<div class=\"ct-text-editor elementor-clearfix\">\n\t\t<div class=\"flex max-w-full flex-col flex-grow\"><div class=\"min-h-8 text-message flex w-full flex-col items-end gap-2 whitespace-normal break-words [.text-message+&amp;]:mt-5\" dir=\"auto\" data-message-author-role=\"assistant\" data-message-id=\"2149abdf-1d15-4655-862c-076d40dfac9d\" data-message-model-slug=\"gpt-4o\"><div class=\"flex w-full flex-col gap-1 empty:hidden first:pt-[3px]\"><div class=\"markdown prose w-full break-words dark:prose-invert light\"><p>Ki\u015fiselle\u015ftirilmi\u015f destek ve uzman rehberli\u011fi i\u00e7in Birle\u015fik Krall\u0131k Merkez Ofisimize ula\u015f\u0131n. \u0130ster dan\u0131\u015fmanl\u0131k hizmetlerine ister \u00fcr\u00fcn sorular\u0131na ihtiyac\u0131n\u0131z olsun, ekibimiz nerede olursan\u0131z olun size \u00f6zel \u00e7\u00f6z\u00fcmlerle yard\u0131mc\u0131 olmaya haz\u0131rd\u0131r.<\/p><\/div><\/div><\/div><\/div>\t\t\n\t<\/div>\n<\/div>\t\t<\/div>\n\t\t\t\t<\/div>\n\t\t            <\/div>\n        <\/div>\n                    <\/div>\n        <\/section>\n                <section class=\"elementor-section elementor-inner-section elementor-element elementor-element-23e5c084 elementor-section-boxed elementor-section-height-default elementor-section-height-default\" data-id=\"23e5c084\" data-element_type=\"section\">\n            \n                        <div class=\"elementor-container elementor-column-gap-extended\">\n                    <div class=\"elementor-column elementor-col-50 elementor-inner-column elementor-element elementor-element-1f7288b8\" data-id=\"1f7288b8\" data-element_type=\"column\">\n        <div class=\"elementor-widget-wrap elementor-element-populated\">\n                    \n        \t\t<div class=\"elementor-element elementor-element-0174c23 elementor-widget elementor-widget-image\" data-id=\"0174c23\" data-element_type=\"widget\" data-widget_type=\"image.default\">\n\t\t\t\t<div class=\"elementor-widget-container\">\n\t\t\t\t\t\t\t\t\t\t\t\t\t<img fetchpriority=\"high\" decoding=\"async\" width=\"600\" height=\"450\" src=\"https:\/\/trendvisa.tecnobis.com\/wp-content\/uploads\/2023\/09\/gallery-6-600x450.jpg\" class=\"attachment-intime-medium size-intime-medium wp-image-6396\" alt=\"\" \/>\t\t\t\t\t\t\t\t\t\t\t\t\t<\/div>\n\t\t\t\t<\/div>\n\t\t            <\/div>\n        <\/div>\n                <div class=\"elementor-column elementor-col-50 elementor-inner-column elementor-element elementor-element-6dc78a9f\" data-id=\"6dc78a9f\" data-element_type=\"column\">\n        <div class=\"elementor-widget-wrap elementor-element-populated\">\n                    \n        \t\t<div class=\"elementor-element elementor-element-7f746ba7 elementor-widget elementor-widget-ct_heading\" data-id=\"7f746ba7\" data-element_type=\"widget\" data-widget_type=\"ct_heading.default\">\n\t\t\t\t<div class=\"elementor-widget-container\">\n\t\t\t<div class=\"ct-heading h-align- item-st-default\">\r\n\t    <h3 class=\"item--title case-animate-time st-default\" data-wow-delay=\"ms\">\r\n        <span>Randevu al\u0131n!<\/span>    <\/h3>\r\n<\/div>\r\n\r\n\t\t<\/div>\n\t\t\t\t<\/div>\n\t\t\t\t<div class=\"elementor-element elementor-element-a32b540 elementor-widget elementor-widget-ct_contact_form\" data-id=\"a32b540\" data-element_type=\"widget\" data-widget_type=\"ct_contact_form.default\">\n\t\t\t\t<div class=\"elementor-widget-container\">\n\t\t\t    <div class=\"ct-contact-form ct-contact-form-layout1 style1\">\r\n    \t        <div class=\"ct-contact-form\">\r\n            \n<div class=\"wpcf7 no-js\" id=\"wpcf7-f626-o1\" lang=\"en-US\" dir=\"ltr\">\n<div class=\"screen-reader-response\"><p role=\"status\" aria-live=\"polite\" aria-atomic=\"true\"><\/p> <ul><\/ul><\/div>\n<form action=\"\/wp-json\/wp\/v2\/pages\/25\" method=\"post\" class=\"wpcf7-form init\" aria-label=\"Contact form\" novalidate=\"novalidate\" data-status=\"init\" data-trp-original-action=\"\/tr\/wp-json\/wp\/v2\/pages\/25#wpcf7-f626-o1\">\n<div style=\"display: none;\">\n<input type=\"hidden\" name=\"_wpcf7\" value=\"626\" \/>\n<input type=\"hidden\" name=\"_wpcf7_version\" value=\"5.9.8\" \/>\n<input type=\"hidden\" name=\"_wpcf7_locale\" value=\"en_US\" \/>\n<input type=\"hidden\" name=\"_wpcf7_unit_tag\" value=\"wpcf7-f626-o1\" \/>\n<input type=\"hidden\" name=\"_wpcf7_container_post\" value=\"0\" \/>\n<input type=\"hidden\" name=\"_wpcf7_posted_data_hash\" value=\"\" \/>\n<\/div>\n<div class=\"row\">\n\t<div class=\"input-filled col-lg-6 col-md-6\">\n\t\t<p><label>Ad\u0131n\u0131z<\/label><span class=\"wpcf7-form-control-wrap\" data-name=\"your-name\"><input size=\"40\" maxlength=\"400\" class=\"wpcf7-form-control wpcf7-text wpcf7-validates-as-required\" aria-required=\"true\" aria-invalid=\"false\" placeholder=\"Jhon Doe\" value=\"\" type=\"text\" name=\"your-name\" \/><\/span>\n\t\t<\/p>\n\t<\/div>\n\t<div class=\"input-filled col-lg-6 col-md-6\">\n\t\t<p><label>E-posta<\/label><span class=\"wpcf7-form-control-wrap\" data-name=\"your-email\"><input size=\"40\" maxlength=\"400\" class=\"wpcf7-form-control wpcf7-email wpcf7-validates-as-required wpcf7-text wpcf7-validates-as-email\" aria-required=\"true\" aria-invalid=\"false\" placeholder=\"email@example.com\" value=\"\" type=\"email\" name=\"your-email\" \/><\/span>\n\t\t<\/p>\n\t<\/div>\n<\/div>\n<div class=\"row\">\n\t<div class=\"input-filled col-12\">\n\t\t<p><label>Mesaj\u0131n\u0131z<\/label><span class=\"wpcf7-form-control-wrap\" data-name=\"your-message\"><textarea cols=\"40\" rows=\"10\" maxlength=\"2000\" class=\"wpcf7-form-control wpcf7-textarea wpcf7-validates-as-required\" aria-required=\"true\" aria-invalid=\"false\" placeholder=\"Message...\" name=\"your-message\"><\/textarea><\/span>\n\t\t<\/p>\n\t<\/div>\n\t<div class=\"input-filled col-12\">\n\t\t<p><button type=\"submit\" class=\"wpcf7-submit btn btn-secondary btn-icon-right btn-block btn-animate\"><span>Mesaj Yolla<\/span><i>+<\/i><\/button>\n\t\t<\/p>\n\t<\/div>\n<\/div><div class=\"wpcf7-response-output\" aria-hidden=\"true\"><\/div>\n<input type=\"hidden\" name=\"trp-form-language\" value=\"tr\"\/><\/form>\n<\/div>\n        <\/div>\r\n    <\/div>\r\n\t\t<\/div>\n\t\t\t\t<\/div>\n\t\t            <\/div>\n        <\/div>\n                    <\/div>\n        <\/section>\n                <section class=\"elementor-section elementor-inner-section elementor-element elementor-element-24d8ffbc elementor-section-boxed elementor-section-height-default elementor-section-height-default\" data-id=\"24d8ffbc\" data-element_type=\"section\">\n            \n                        <div class=\"elementor-container elementor-column-gap-extended\">\n                    <div class=\"elementor-column elementor-col-25 elementor-inner-column elementor-element elementor-element-4f153ddf\" data-id=\"4f153ddf\" data-element_type=\"column\">\n        <div class=\"elementor-widget-wrap elementor-element-populated\">\n                    \n        \t\t<div class=\"elementor-element elementor-element-7fdc851d elementor-widget elementor-widget-ct_branche\" data-id=\"7fdc851d\" data-element_type=\"widget\" data-widget_type=\"ct_branche.default\">\n\t\t\t\t<div class=\"elementor-widget-container\">\n\t\t\t\r\n    <div class=\"ct-branche1 wow fadeInUp\" data-wow-delay=\"ms\">\r\n        <div class=\"id-point-focus1\">                            <div class=\"ct-branche-title\"><span>UK (Head Office)<\/span><\/div>\r\n                                        <div class=\"ct-branche-desc\">167-169 Great Portland, 5th Floor, London,  W1W5PF<\/div>\r\n                    <\/div>    <\/div>\r\n\t\t<\/div>\n\t\t\t\t<\/div>\n\t\t            <\/div>\n        <\/div>\n                <div class=\"elementor-column elementor-col-25 elementor-inner-column elementor-element elementor-element-4d5d8286\" data-id=\"4d5d8286\" data-element_type=\"column\">\n        <div class=\"elementor-widget-wrap elementor-element-populated\">\n                    \n        \t\t<div class=\"elementor-element elementor-element-3446a324 elementor-widget elementor-widget-ct_branche\" data-id=\"3446a324\" data-element_type=\"widget\" data-widget_type=\"ct_branche.default\">\n\t\t\t\t<div class=\"elementor-widget-container\">\n\t\t\t\r\n    <div class=\"ct-branche1 wow fadeInUp\" data-wow-delay=\"50ms\">\r\n        <div class=\"id-point-focus4\">                            <div class=\"ct-branche-title\"><span>\u0130ngilizce \u0130\u00e7in<\/span><\/div>\r\n                                        <div class=\"ct-branche-desc\"><a target=\"_blank\" href=\"https:\/\/api.whatsapp.com\/send\/?phone=447760267080&text&type=phone_number&app_absent=0\">+44 7760 267080<\/a><\/div>\r\n                    <\/div>    <\/div>\r\n\t\t<\/div>\n\t\t\t\t<\/div>\n\t\t            <\/div>\n        <\/div>\n                <div class=\"elementor-column elementor-col-25 elementor-inner-column elementor-element elementor-element-846a8d2\" data-id=\"846a8d2\" data-element_type=\"column\">\n        <div class=\"elementor-widget-wrap elementor-element-populated\">\n                    \n        \t\t<div class=\"elementor-element elementor-element-a800443 elementor-widget elementor-widget-ct_branche\" data-id=\"a800443\" data-element_type=\"widget\" data-widget_type=\"ct_branche.default\">\n\t\t\t\t<div class=\"elementor-widget-container\">\n\t\t\t\r\n    <div class=\"ct-branche1 wow fadeInUp\" data-wow-delay=\"50ms\">\r\n        <div class=\"id-point-focus2\">                            <div class=\"ct-branche-title\"><span>T\u00fcrk\u00e7e \u0130\u00e7in <\/span><\/div>\r\n                                        <div class=\"ct-branche-desc\"><a  target=\"_blank\"  href=\"https:\/\/api.whatsapp.com\/send\/?phone=447385849311&text&type=phone_number&app_absent=0\">+44 7385 849311<\/a>\n<\/div>\r\n                    <\/div>    <\/div>\r\n\t\t<\/div>\n\t\t\t\t<\/div>\n\t\t            <\/div>\n        <\/div>\n                <div class=\"elementor-column elementor-col-25 elementor-inner-column elementor-element elementor-element-3aa7bde1\" data-id=\"3aa7bde1\" data-element_type=\"column\">\n        <div class=\"elementor-widget-wrap elementor-element-populated\">\n                    \n        \t\t<div class=\"elementor-element elementor-element-1026c47f elementor-widget elementor-widget-ct_branche\" data-id=\"1026c47f\" data-element_type=\"widget\" data-widget_type=\"ct_branche.default\">\n\t\t\t\t<div class=\"elementor-widget-container\">\n\t\t\t\r\n    <div class=\"ct-branche1 wow fadeInUp\" data-wow-delay=\"100ms\">\r\n        <div class=\"id-point-focus3\">                            <div class=\"ct-branche-title\"><span>E-posta<\/span><\/div>\r\n                                        <div class=\"ct-branche-desc\">info@trendvisa.co.uk<\/div>\r\n                    <\/div>    <\/div>\r\n\t\t<\/div>\n\t\t\t\t<\/div>\n\t\t            <\/div>\n        <\/div>\n                    <\/div>\n        <\/section>\n                    <\/div>\n        <\/div>\n                    <\/div>\n        <\/section>\n                <section class=\"elementor-section elementor-top-section elementor-element elementor-element-4c01599 elementor-section-full_width elementor-section-stretched elementor-section-height-default elementor-section-height-default\" data-id=\"4c01599\" data-element_type=\"section\" data-settings=\"{&quot;stretch_section&quot;:&quot;section-stretched&quot;}\">\n            \n                        <div class=\"elementor-container elementor-column-gap-no\">\n                    <div class=\"elementor-column elementor-col-100 elementor-top-column elementor-element elementor-element-e7ba6a5\" data-id=\"e7ba6a5\" data-element_type=\"column\">\n        <div class=\"elementor-widget-wrap elementor-element-populated\">\n                    \n        \t\t<div class=\"elementor-element elementor-element-cacaa06 elementor-widget elementor-widget-google_maps\" data-id=\"cacaa06\" data-element_type=\"widget\" data-widget_type=\"google_maps.default\">\n\t\t\t\t<div class=\"elementor-widget-container\">\n\t\t\t\t\t<div class=\"elementor-custom-embed\">\n\t\t\t<iframe loading=\"lazy\"\n\t\t\t\t\tsrc=\"https:\/\/maps.google.com\/maps?q=167-169%20Great%20Portland%2C%205th%20Floor%2C%20London%2C%20Post%20Code%3A%20W1W5PF&#038;t=m&#038;z=15&#038;output=embed&#038;iwloc=near\"\n\t\t\t\t\ttitle=\"167-169 Great Portland, 5th Floor, London, Post Code: W1W5PF\"\n\t\t\t\t\taria-label=\"167-169 Great Portland, 5th Floor, London, Post Code: W1W5PF\"\n\t\t\t><\/iframe>\n\t\t<\/div>\n\t\t\t\t<\/div>\n\t\t\t\t<\/div>\n\t\t            <\/div>\n        <\/div>\n                    <\/div>\n        <\/section>\n        \t\t<\/div>","protected":false},"excerpt":{"rendered":"<p>Your UK Head Office, Just a Message Away Connected Solutions, Global Reach Reach out to our UK Head Office for personalized support and expert guidance. Whether you need consultancy services or product inquiries, our team is ready to assist you with tailored solutions, no matter where you are. Book an appionment Full name* Mail address* [&hellip;]<\/p>","protected":false},"author":1,"featured_media":0,"parent":0,"menu_order":0,"comment_status":"closed","ping_status":"closed","template":"","meta":{"footnotes":""},"class_list":["post-25","page","type-page","status-publish","hentry"],"_links":{"self":[{"href":"https:\/\/trendvisa.tecnobis.com\/tr\/wp-json\/wp\/v2\/pages\/25"}],"collection":[{"href":"https:\/\/trendvisa.tecnobis.com\/tr\/wp-json\/wp\/v2\/pages"}],"about":[{"href":"https:\/\/trendvisa.tecnobis.com\/tr\/wp-json\/wp\/v2\/types\/page"}],"author":[{"embeddable":true,"href":"https:\/\/trendvisa.tecnobis.com\/tr\/wp-json\/wp\/v2\/users\/1"}],"replies":[{"embeddable":true,"href":"https:\/\/trendvisa.tecnobis.com\/tr\/wp-json\/wp\/v2\/comments?post=25"}],"version-history":[{"count":30,"href":"https:\/\/trendvisa.tecnobis.com\/tr\/wp-json\/wp\/v2\/pages\/25\/revisions"}],"predecessor-version":[{"id":7129,"href":"https:\/\/trendvisa.tecnobis.com\/tr\/wp-json\/wp\/v2\/pages\/25\/revisions\/7129"}],"wp:attachment":[{"href":"https:\/\/trendvisa.tecnobis.com\/tr\/wp-json\/wp\/v2\/media?parent=25"}],"curies":[{"name":"wp","href":"https:\/\/api.w.org\/{rel}","templated":true}]}}